{"id":889,"date":"2023-07-06T10:11:45","date_gmt":"2023-07-06T08:11:45","guid":{"rendered":"https:\/\/trex-events.fr\/?page_id=889"},"modified":"2025-01-22T12:38:27","modified_gmt":"2025-01-22T11:38:27","slug":"realisations","status":"publish","type":"page","link":"https:\/\/trex-events.fr\/index.php\/realisations\/","title":{"rendered":"R\u00e9alisations"},"content":{"rendered":"<h1><b>La preuve en image<\/b><\/h1>\n<p>Nous avons eu le plaisir de collaborer avec diverses entreprises pour organiser des \u00e9v\u00e9nements ou pour g\u00e9rer leur r\u00e9seaux sociaux.\u00a0<\/p>\n<p>\u00a0<\/p>\n<p><img fetchpriority=\"high\" decoding=\"async\" src=\"https:\/\/trex-events.fr\/wp-content\/uploads\/2025\/01\/IMG_7786-300x225.jpg\" alt=\"\" width=\"279\" height=\"209\" \/>\u00a0 \u00a0 <img decoding=\"async\" src=\"https:\/\/trex-events.fr\/wp-content\/uploads\/2025\/01\/IMG_7827-300x225.jpg\" alt=\"\" width=\"277\" height=\"208\" \/>\u00a0 \u00a0 \u00a0<img decoding=\"async\" src=\"https:\/\/trex-events.fr\/wp-content\/uploads\/2025\/01\/IMG_7833-300x225.jpg\" alt=\"\" width=\"300\" height=\"225\" \/><\/p>\n<ul>\n<li style=\"list-style-type: none;\">\n<ul>\n<li>Visites de chantier avec les plus jeunes<\/li>\n<\/ul>\n<\/li>\n<\/ul>\n<p><img loading=\"lazy\" decoding=\"async\" src=\"https:\/\/trex-events.fr\/wp-content\/uploads\/2025\/01\/IMG_9327-300x225.jpg\" alt=\"\" width=\"300\" height=\"225\" \/><\/p>\n<ul>\n<li>Afterwork chez So&rsquo;cooc<\/li>\n<\/ul>\n<p><img loading=\"lazy\" decoding=\"async\" src=\"https:\/\/trex-events.fr\/wp-content\/uploads\/2025\/01\/IMG_9105-300x225.jpg\" alt=\"\" width=\"300\" height=\"225\" \/>\u00a0 \u00a0 <img loading=\"lazy\" decoding=\"async\" src=\"https:\/\/trex-events.fr\/wp-content\/uploads\/2025\/01\/IMG_9097-225x300.jpg\" alt=\"\" width=\"225\" height=\"300\" \/>\u00a0 \u00a0<img loading=\"lazy\" decoding=\"async\" src=\"https:\/\/trex-events.fr\/wp-content\/uploads\/2025\/01\/IMG_0029-300x225.jpg\" alt=\"\" width=\"300\" height=\"225\" \/><\/p>\n<ul>\n<li>D\u00e9corations anniversaires priv\u00e9s<\/li>\n<\/ul>\n<p><img loading=\"lazy\" decoding=\"async\" src=\"https:\/\/trex-events.fr\/wp-content\/uploads\/2025\/01\/IMG_3970-300x225.jpg\" alt=\"\" width=\"300\" height=\"225\" \/>\u00a0 \u00a0<img loading=\"lazy\" decoding=\"async\" src=\"https:\/\/trex-events.fr\/wp-content\/uploads\/2025\/01\/IMG_4071-300x225.jpg\" alt=\"\" width=\"300\" height=\"225\" \/> \u00a0<\/p>\n<ul>\n<li>Soir\u00e9e d&rsquo;entreprise<\/li>\n<\/ul>\n<p><img loading=\"lazy\" decoding=\"async\" src=\"https:\/\/trex-events.fr\/wp-content\/uploads\/2025\/01\/URIOPSS-020724-08-300x225.jpg\" alt=\"\" width=\"300\" height=\"225\" \/> <img loading=\"lazy\" decoding=\"async\" src=\"https:\/\/trex-events.fr\/wp-content\/uploads\/2025\/01\/URIOPSS-020724-33-300x225.jpg\" alt=\"\" width=\"300\" height=\"225\" \/> \u00a0<img loading=\"lazy\" decoding=\"async\" src=\"https:\/\/trex-events.fr\/wp-content\/uploads\/2025\/01\/IMG_8877-300x169.jpg\" alt=\"\" width=\"300\" height=\"169\" \/><\/p>\n<ul>\n<li>Team builing de rentr\u00e9e<\/li>\n<\/ul>\n<p>Lorem ipsum dolor sit amet, consectetur adipiscing elit. Ut elit tellus, luctus nec ullamcorper mattis, pulvinar dapibus leo.<\/p>\n","protected":false},"excerpt":{"rendered":"<p>La preuve en image Nous avons eu le plaisir de collaborer avec diverses entreprises pour organiser des \u00e9v\u00e9nements ou pour g\u00e9rer leur r\u00e9seaux sociaux.\u00a0 \u00a0 \u00a0 \u00a0 \u00a0 \u00a0 \u00a0 Visites de chantier avec les plus jeunes Afterwork chez So&rsquo;cooc \u00a0 \u00a0 \u00a0 \u00a0 D\u00e9corations anniversaires priv\u00e9s \u00a0 \u00a0 \u00a0 Soir\u00e9e d&rsquo;entreprise \u00a0 Team builing [&hellip;]<\/p>\n","protected":false},"author":1,"featured_media":0,"parent":0,"menu_order":0,"comment_status":"closed","ping_status":"closed","template":"","meta":{"footnotes":""},"class_list":["post-889","page","type-page","status-publish","hentry"],"yoast_head":"<!-- This site is optimized with the Yoast SEO plugin v24.1 - https:\/\/yoast.com\/wordpress\/plugins\/seo\/ -->\n<title>R\u00e9alisations -<\/title>\n<meta name=\"robots\" content=\"index, follow, max-snippet:-1, max-image-preview:large, max-video-preview:-1\" \/>\n<link rel=\"canonical\" href=\"https:\/\/trex-events.fr\/index.php\/realisations\/\" \/>\n<meta property=\"og:locale\" content=\"fr_FR\" \/>\n<meta property=\"og:type\" content=\"article\" \/>\n<meta property=\"og:title\" content=\"R\u00e9alisations -\" \/>\n<meta property=\"og:description\" content=\"La preuve en image Nous avons eu le plaisir de collaborer avec diverses entreprises pour organiser des \u00e9v\u00e9nements ou pour g\u00e9rer leur r\u00e9seaux sociaux.\u00a0 \u00a0 \u00a0 \u00a0 \u00a0 \u00a0 \u00a0 Visites de chantier avec les plus jeunes Afterwork chez So&rsquo;cooc \u00a0 \u00a0 \u00a0 \u00a0 D\u00e9corations anniversaires priv\u00e9s \u00a0 \u00a0 \u00a0 Soir\u00e9e d&rsquo;entreprise \u00a0 Team builing [&hellip;]\" \/>\n<meta property=\"og:url\" content=\"https:\/\/trex-events.fr\/index.php\/realisations\/\" \/>\n<meta property=\"article:modified_time\" content=\"2025-01-22T11:38:27+00:00\" \/>\n<meta property=\"og:image\" content=\"https:\/\/trex-events.fr\/wp-content\/uploads\/2025\/01\/IMG_7786-300x225.jpg\" \/>\n<meta name=\"twitter:card\" content=\"summary_large_image\" \/>\n<meta name=\"twitter:label1\" content=\"Dur\u00e9e de lecture estim\u00e9e\" \/>\n\t<meta name=\"twitter:data1\" content=\"3 minutes\" \/>\n<script type=\"application\/ld+json\" class=\"yoast-schema-graph\">{\"@context\":\"https:\/\/schema.org\",\"@graph\":[{\"@type\":\"WebPage\",\"@id\":\"https:\/\/trex-events.fr\/index.php\/realisations\/\",\"url\":\"https:\/\/trex-events.fr\/index.php\/realisations\/\",\"name\":\"R\u00e9alisations -\",\"isPartOf\":{\"@id\":\"https:\/\/trex-events.fr\/#website\"},\"primaryImageOfPage\":{\"@id\":\"https:\/\/trex-events.fr\/index.php\/realisations\/#primaryimage\"},\"image\":{\"@id\":\"https:\/\/trex-events.fr\/index.php\/realisations\/#primaryimage\"},\"thumbnailUrl\":\"https:\/\/trex-events.fr\/wp-content\/uploads\/2025\/01\/IMG_7786-300x225.jpg\",\"datePublished\":\"2023-07-06T08:11:45+00:00\",\"dateModified\":\"2025-01-22T11:38:27+00:00\",\"breadcrumb\":{\"@id\":\"https:\/\/trex-events.fr\/index.php\/realisations\/#breadcrumb\"},\"inLanguage\":\"fr-FR\",\"potentialAction\":[{\"@type\":\"ReadAction\",\"target\":[\"https:\/\/trex-events.fr\/index.php\/realisations\/\"]}]},{\"@type\":\"ImageObject\",\"inLanguage\":\"fr-FR\",\"@id\":\"https:\/\/trex-events.fr\/index.php\/realisations\/#primaryimage\",\"url\":\"https:\/\/trex-events.fr\/wp-content\/uploads\/2025\/01\/IMG_7786-scaled.jpg\",\"contentUrl\":\"https:\/\/trex-events.fr\/wp-content\/uploads\/2025\/01\/IMG_7786-scaled.jpg\",\"width\":2560,\"height\":1920},{\"@type\":\"BreadcrumbList\",\"@id\":\"https:\/\/trex-events.fr\/index.php\/realisations\/#breadcrumb\",\"itemListElement\":[{\"@type\":\"ListItem\",\"position\":1,\"name\":\"Accueil\",\"item\":\"https:\/\/trex-events.fr\/\"},{\"@type\":\"ListItem\",\"position\":2,\"name\":\"R\u00e9alisations\"}]},{\"@type\":\"WebSite\",\"@id\":\"https:\/\/trex-events.fr\/#website\",\"url\":\"https:\/\/trex-events.fr\/\",\"name\":\"\",\"description\":\"Votre chef d&#039;orchestre \u00e9v\u00e9nementiel \",\"potentialAction\":[{\"@type\":\"SearchAction\",\"target\":{\"@type\":\"EntryPoint\",\"urlTemplate\":\"https:\/\/trex-events.fr\/?s={search_term_string}\"},\"query-input\":{\"@type\":\"PropertyValueSpecification\",\"valueRequired\":true,\"valueName\":\"search_term_string\"}}],\"inLanguage\":\"fr-FR\"}]}<\/script>\n<!-- \/ Yoast SEO plugin. -->","yoast_head_json":{"title":"R\u00e9alisations -","robots":{"index":"index","follow":"follow","max-snippet":"max-snippet:-1","max-image-preview":"max-image-preview:large","max-video-preview":"max-video-preview:-1"},"canonical":"https:\/\/trex-events.fr\/index.php\/realisations\/","og_locale":"fr_FR","og_type":"article","og_title":"R\u00e9alisations -","og_description":"La preuve en image Nous avons eu le plaisir de collaborer avec diverses entreprises pour organiser des \u00e9v\u00e9nements ou pour g\u00e9rer leur r\u00e9seaux sociaux.\u00a0 \u00a0 \u00a0 \u00a0 \u00a0 \u00a0 \u00a0 Visites de chantier avec les plus jeunes Afterwork chez So&rsquo;cooc \u00a0 \u00a0 \u00a0 \u00a0 D\u00e9corations anniversaires priv\u00e9s \u00a0 \u00a0 \u00a0 Soir\u00e9e d&rsquo;entreprise \u00a0 Team builing [&hellip;]","og_url":"https:\/\/trex-events.fr\/index.php\/realisations\/","article_modified_time":"2025-01-22T11:38:27+00:00","og_image":[{"url":"https:\/\/trex-events.fr\/wp-content\/uploads\/2025\/01\/IMG_7786-300x225.jpg","type":"","width":"","height":""}],"twitter_card":"summary_large_image","twitter_misc":{"Dur\u00e9e de lecture estim\u00e9e":"3 minutes"},"schema":{"@context":"https:\/\/schema.org","@graph":[{"@type":"WebPage","@id":"https:\/\/trex-events.fr\/index.php\/realisations\/","url":"https:\/\/trex-events.fr\/index.php\/realisations\/","name":"R\u00e9alisations -","isPartOf":{"@id":"https:\/\/trex-events.fr\/#website"},"primaryImageOfPage":{"@id":"https:\/\/trex-events.fr\/index.php\/realisations\/#primaryimage"},"image":{"@id":"https:\/\/trex-events.fr\/index.php\/realisations\/#primaryimage"},"thumbnailUrl":"https:\/\/trex-events.fr\/wp-content\/uploads\/2025\/01\/IMG_7786-300x225.jpg","datePublished":"2023-07-06T08:11:45+00:00","dateModified":"2025-01-22T11:38:27+00:00","breadcrumb":{"@id":"https:\/\/trex-events.fr\/index.php\/realisations\/#breadcrumb"},"inLanguage":"fr-FR","potentialAction":[{"@type":"ReadAction","target":["https:\/\/trex-events.fr\/index.php\/realisations\/"]}]},{"@type":"ImageObject","inLanguage":"fr-FR","@id":"https:\/\/trex-events.fr\/index.php\/realisations\/#primaryimage","url":"https:\/\/trex-events.fr\/wp-content\/uploads\/2025\/01\/IMG_7786-scaled.jpg","contentUrl":"https:\/\/trex-events.fr\/wp-content\/uploads\/2025\/01\/IMG_7786-scaled.jpg","width":2560,"height":1920},{"@type":"BreadcrumbList","@id":"https:\/\/trex-events.fr\/index.php\/realisations\/#breadcrumb","itemListElement":[{"@type":"ListItem","position":1,"name":"Accueil","item":"https:\/\/trex-events.fr\/"},{"@type":"ListItem","position":2,"name":"R\u00e9alisations"}]},{"@type":"WebSite","@id":"https:\/\/trex-events.fr\/#website","url":"https:\/\/trex-events.fr\/","name":"","description":"Votre chef d&#039;orchestre \u00e9v\u00e9nementiel ","potentialAction":[{"@type":"SearchAction","target":{"@type":"EntryPoint","urlTemplate":"https:\/\/trex-events.fr\/?s={search_term_string}"},"query-input":{"@type":"PropertyValueSpecification","valueRequired":true,"valueName":"search_term_string"}}],"inLanguage":"fr-FR"}]}},"_links":{"self":[{"href":"https:\/\/trex-events.fr\/index.php\/wp-json\/wp\/v2\/pages\/889","targetHints":{"allow":["GET"]}}],"collection":[{"href":"https:\/\/trex-events.fr\/index.php\/wp-json\/wp\/v2\/pages"}],"about":[{"href":"https:\/\/trex-events.fr\/index.php\/wp-json\/wp\/v2\/types\/page"}],"author":[{"embeddable":true,"href":"https:\/\/trex-events.fr\/index.php\/wp-json\/wp\/v2\/users\/1"}],"replies":[{"embeddable":true,"href":"https:\/\/trex-events.fr\/index.php\/wp-json\/wp\/v2\/comments?post=889"}],"version-history":[{"count":9,"href":"https:\/\/trex-events.fr\/index.php\/wp-json\/wp\/v2\/pages\/889\/revisions"}],"predecessor-version":[{"id":1132,"href":"https:\/\/trex-events.fr\/index.php\/wp-json\/wp\/v2\/pages\/889\/revisions\/1132"}],"wp:attachment":[{"href":"https:\/\/trex-events.fr\/index.php\/wp-json\/wp\/v2\/media?parent=889"}],"curies":[{"name":"wp","href":"https:\/\/api.w.org\/{rel}","templated":true}]}}