{"id":886,"date":"2023-06-07T10:51:23","date_gmt":"2023-06-07T08:51:23","guid":{"rendered":"https:\/\/trex-events.fr\/?page_id=886"},"modified":"2025-01-22T11:25:22","modified_gmt":"2025-01-22T10:25:22","slug":"communication","status":"publish","type":"page","link":"https:\/\/trex-events.fr\/index.php\/communication\/","title":{"rendered":"Communication"},"content":{"rendered":"\n<h1 class=\"wp-block-heading has-text-align-center has-text-color has-link-color has-noto-sans-font-family wp-elements-21f43ceff215563f1d3e3f063bd6b4a6\" style=\"color:#3f7868\"><strong>Nous sommes le community manager qu\u2019il vous faut !&nbsp;<\/strong><\/h1>\n\n\n\n<div class=\"wp-block-group is-layout-constrained wp-container-core-group-is-layout-1 wp-block-group-is-layout-constrained\">\n<p class=\"has-noto-sans-font-family\" style=\"font-size:16px\">En tant qu\u2019Agence sp\u00e9cialis\u00e9e dans le Community management \u00e0 Douai, nous offrons des solutions adapt\u00e9es pour optimiser votre pr\u00e9sence sur les r\u00e9seaux sociaux et renforcer votre image de marque.<\/p>\n\n\n\n<p class=\"has-noto-sans-font-family\" style=\"font-size:16px\">D\u00e9couvrez comment nous pouvons transformer votre communication digitale en nous contactant d\u00e8s maintenant ! (renvoi sur les liens contact et r\u00e9alisation)<\/p>\n\n\n\n<div class=\"wp-block-media-text is-stacked-on-mobile has-noto-sans-font-family\"><figure class=\"wp-block-media-text__media\"><\/figure><div class=\"wp-block-media-text__content\">\n<h2 class=\"wp-block-heading has-text-color has-link-color wp-elements-842ee60fffab85a1f47052b57fc5bc4a\" style=\"color:#3f7868\"><strong>Pourquoi est-ce important de r\u00e9aliser un audit en communication ?<\/strong><\/h2>\n\n\n\n<p style=\"font-size:16px\">L\u2019audit est une \u00e9tape essentielle pour \u00e9valuer l\u2019efficacit\u00e9 de vos supports et canaux de communication : r\u00e9seaux sociaux, flyers, site internet, etc. Votre image de marque est-elle claire et coh\u00e9rente ? Votre contenu est-il pertinent pour votre public cible ?<\/p>\n\n\n\n<p style=\"font-size:16px\">Avec l\u2019Agence T-Rex, vous b\u00e9n\u00e9ficiez d\u2019un diagnostic pr\u00e9cis et d\u2019un regard ext\u00e9rieur professionnel pour optimiser votre strat\u00e9gie et vos r\u00e9sultats.<\/p>\n\n\n\n<p style=\"font-size:16px\">Au d\u00e9marrage de chaque mission, notre objectif est de comprendre o\u00f9 vous en \u00eates et de savoir o\u00f9 vous voulez aller.<\/p>\n\n\n\n<ol class=\"wp-block-list\">\n<li style=\"font-size:16px\">Nous analysons votre strat\u00e9gie de communication et\/ou vos r\u00e9seaux sociaux.<\/li>\n\n\n\n<li style=\"font-size:16px\">Une fois l\u2019audit termin\u00e9, nous vous proposons :<\/li>\n<\/ol>\n\n\n\n<ul class=\"wp-block-list\">\n<li style=\"font-size:16px\"><strong>Des recommandations personnalis\u00e9es<\/strong> pour optimiser votre strat\u00e9gie.<\/li>\n\n\n\n<li style=\"font-size:16px\"><strong>Des conseils pratiques<\/strong> pour am\u00e9liorer vos outils et contenus.<\/li>\n\n\n\n<li style=\"font-size:16px\"><strong>Des solutions adapt\u00e9es<\/strong> : formations ou mise en place d\u2019outils de communication.<\/li>\n<\/ul>\n\n\n\n<p style=\"font-size:16px\">Parce que chaque projet, et chaque profil, est unique<\/p>\n<\/div><\/div>\n\n\n\n<div class=\"wp-block-media-text has-media-on-the-right is-stacked-on-mobile is-vertically-aligned-center has-noto-sans-font-family\"><div class=\"wp-block-media-text__content\">\n<h2 class=\"wp-block-heading has-text-color has-link-color has-noto-sans-font-family wp-elements-8f683cd5b366127e7c4b19b815b661f9\" style=\"color:#3f7868\"><strong>Pourquoi avoir une strat\u00e9gie de communication est essentielle en 2025 ?<\/strong><\/h2>\n\n\n\n<p class=\"has-noto-sans-font-family\" style=\"font-size:16px\">Savoir communiquer, c\u2019est avant tout avoir une strat\u00e9gie de communication.<\/p>\n\n\n\n<p style=\"font-size:16px\">Chez T-Rex, nous croyons que chaque entreprise est unique et m\u00e9rite une strat\u00e9gie de communication sur-mesure alors nous cr\u00e9ons une approche personnalis\u00e9e sp\u00e9cialement pour vous.<\/p>\n\n\n\n<ol class=\"wp-block-list\">\n<li style=\"font-size:16px\">Analyse approfondie :\n<ul class=\"wp-block-list\">\n<li style=\"font-size:16px\">\u00c9tude de votre march\u00e9 et de votre positionnement<\/li>\n\n\n\n<li>Identification des attentes de votre audience<\/li>\n\n\n\n<li>D\u00e9finition pr\u00e9cise de vos objectifs<\/li>\n<\/ul>\n<\/li>\n\n\n\n<li style=\"font-size:16px\">Cr\u00e9ation de la strat\u00e9gie :\n<ul class=\"wp-block-list\">\n<li style=\"font-size:16px\">Une communication structur\u00e9e qui va au-del\u00e0 de simples publications sur les r\u00e9seaux sociaux<\/li>\n\n\n\n<li style=\"font-size:16px\">Cr\u00e9ation de contenus&nbsp;<\/li>\n\n\n\n<li style=\"font-size:16px\">Priorisation des canaux les plus efficaces pour votre activit\u00e9<\/li>\n\n\n\n<li style=\"font-size:16px\">Une strat\u00e9gie align\u00e9e avec votre vision, vos valeurs et vos ambitions<\/li>\n<\/ul>\n<\/li>\n\n\n\n<li style=\"font-size:16px\">Mise en place d\u2019actions :\n<ul class=\"wp-block-list\">\n<li>Cr\u00e9ation de contenu engageant<\/li>\n\n\n\n<li>Gestion professionnelle de vos r\u00e9seaux sociaux (Facebook, Instagram, Linkedin, etc.)<\/li>\n\n\n\n<li class=\"has-noto-sans-font-family\">Analyse des performances pour ajuster votre strat\u00e9gie<\/li>\n<\/ul>\n<\/li>\n<\/ol>\n\n\n\n<p class=\"has-noto-sans-font-family\" style=\"font-size:16px\">En 2025, ne laissez rien au hasard : une strat\u00e9gie est essentielle pour r\u00e9ussir.<\/p>\n<\/div><figure class=\"wp-block-media-text__media\"><\/figure><\/div>\n\n\n\n<div class=\"wp-block-media-text is-stacked-on-mobile has-noto-sans-font-family\"><figure class=\"wp-block-media-text__media\"><\/figure><div class=\"wp-block-media-text__content\">\n<h2 class=\"wp-block-heading has-text-color has-link-color wp-elements-967eb8890add47c37dfb13d6ffcf228a\" style=\"color:#3f7868\"><strong>Renforcer votre pr\u00e9sence sur les r\u00e9seaux sociaux&nbsp;<\/strong><\/h2>\n\n\n\n<p style=\"font-size:16px\">Chez T-Rex nous savons que chaque entreprise est unique avec sa propre charte graphique, ses propres clients et ses propres objectifs et besoin en mati\u00e8re de communication.&nbsp;<\/p>\n\n\n\n<p style=\"font-size:16px\">C\u2019est pourquoi nous analysons votre entreprise, votre positionnement, votre march\u00e9 et votre public cible pour vous cr\u00e9er un calendrier \u00e9ditorial qui vous ressemble.<\/p>\n\n\n\n<p style=\"font-size:16px\">Il peut contenir : des moments cl\u00e9s de votre entreprise, des \u00e9v\u00e9nements, des produits \u00e0 mettre en avant, les tendances du march\u00e9 et les int\u00e9r\u00eats de votre public cible.<\/p>\n\n\n\n<p style=\"font-size:16px\">La cr\u00e9ation de contenu est un \u00e9l\u00e9ment essentiel pour atteindre vos objectifs commerciaux. Faites nous confiance et laissez nous g\u00e9rer vos r\u00e9seaux sociaux. (liens contact)<\/p>\n<\/div><\/div>\n\n\n\n<div class=\"wp-block-media-text has-media-on-the-right is-stacked-on-mobile has-noto-sans-font-family\"><div class=\"wp-block-media-text__content\">\n<h2 class=\"wp-block-heading has-text-color has-link-color wp-elements-222aeed8e1b4dbf274441c33aa5009f4\" style=\"color:#3f7868\"><strong>Optimiser votre pr\u00e9sence en ligne gr\u00e2ce \u00e0 notre service de community management<\/strong><\/h2>\n\n\n\n<p style=\"font-size:16px\">Mais d\u2019abord c\u2019est quoi le Community Management ?&nbsp;&nbsp;<\/p>\n\n\n\n<p style=\"font-size:16px\">C\u2019est lorsque l\u2019Agence T-Rex g\u00e8re de fa\u00e7on courante vos comptes en ligne pour optimiser votre pr\u00e9sence et renforcer votre image de marque.<\/p>\n\n\n\n<p style=\"font-size:16px\">Nous \u00e9laborons une strat\u00e9gie de gestion des m\u00e9dias sociaux (votre marque, votre public cible, vos m\u00e9dias sociaux pertinents\u2026) qui nous permet de cr\u00e9er une ligne \u00e9ditoriale rien que pour vous.<\/p>\n\n\n\n<p style=\"font-size:16px\">Calendrier \u00e9ditorial, cr\u00e9ation de contenu, veille des commentaire et r\u00e9ponses, planification et publication r\u00e9guli\u00e8re c\u2019est ce que nous vous proposons pour cr\u00e9er une communaut\u00e9 engag\u00e9e.<\/p>\n\n\n\n<p style=\"font-size:16px\">En gros, nous cr\u00e9ons le contenu \u00e9crit et visuel de vos publications et nous les postons \u00e0 votre place sur les r\u00e9seaux sociaux tels que Facebook, Instagram ou encore Linkedin.<\/p>\n<\/div><figure class=\"wp-block-media-text__media\"><\/figure><\/div>\n\n\n\n<div class=\"wp-block-media-text is-stacked-on-mobile has-noto-sans-font-family\"><figure class=\"wp-block-media-text__media\"><\/figure><div class=\"wp-block-media-text__content\">\n<h2 class=\"wp-block-heading has-text-color has-link-color wp-elements-be02ecba3f838f9bad9a384b8d99022a\" style=\"color:#3f7868\"><strong>Comment approcher autrement le marketing ? Par l\u2019e-mailing !<\/strong><\/h2>\n\n\n\n<p style=\"font-size:16px\">Cette strat\u00e9gie consiste \u00e0 envoyer des messages cibl\u00e9s \u00e0 votre audience par le biais de courriers \u00e9lectroniques.&nbsp;<\/p>\n\n\n\n<p style=\"font-size:16px\">Que ce soit pour :&nbsp;<\/p>\n\n\n\n<ul class=\"wp-block-list\">\n<li style=\"font-size:16px\">Informer vos clients sur de nouvelles offres<\/li>\n\n\n\n<li style=\"font-size:16px\">Promouvoir un produit&nbsp;<\/li>\n\n\n\n<li style=\"font-size:16px\">Renforcer votre relation avec votre audience gr\u00e2ce \u00e0 des messages personnalis\u00e9s<\/li>\n<\/ul>\n\n\n\n<p style=\"font-size:16px\">C\u2019est le marketing par e-mail qu\u2019il vous faut. Il permet de communiquer avec vos clients de mani\u00e8re personnalis\u00e9e, segmenter vos clients, possibilit\u00e9 d\u2019inclure des bouton d\u2019appel \u00e0 action, sondage, vid\u00e9os\u2026&nbsp;<\/p>\n\n\n\n<p style=\"font-size:16px\">L\u2019agence T-Rex vous accompagne sur une campagne d\u2019e-mailing sur mesure est adapt\u00e9e pour r\u00e9pondre au mieux \u00e0 vos objectifs et \u00e0 vos attentes.<\/p>\n<\/div><\/div>\n\n\n\n<p class=\"has-small-font-size\"><\/p>\n<\/div>\n","protected":false},"excerpt":{"rendered":"<p>Nous sommes le community manager qu\u2019il vous faut !&nbsp; En tant qu\u2019Agence sp\u00e9cialis\u00e9e dans le Community management \u00e0 Douai, nous offrons des solutions adapt\u00e9es pour optimiser votre pr\u00e9sence sur les r\u00e9seaux sociaux et renforcer votre image de marque. D\u00e9couvrez comment nous pouvons transformer votre communication digitale en nous contactant d\u00e8s maintenant ! (renvoi sur les [&hellip;]<\/p>\n","protected":false},"author":1,"featured_media":0,"parent":0,"menu_order":0,"comment_status":"closed","ping_status":"closed","template":"","meta":{"footnotes":""},"class_list":["post-886","page","type-page","status-publish","hentry"],"yoast_head":"<!-- This site is optimized with the Yoast SEO plugin v24.1 - https:\/\/yoast.com\/wordpress\/plugins\/seo\/ -->\n<title>Communication -<\/title>\n<meta name=\"robots\" content=\"index, follow, max-snippet:-1, max-image-preview:large, max-video-preview:-1\" \/>\n<link rel=\"canonical\" href=\"https:\/\/trex-events.fr\/index.php\/communication\/\" \/>\n<meta property=\"og:locale\" content=\"fr_FR\" \/>\n<meta property=\"og:type\" content=\"article\" \/>\n<meta property=\"og:title\" content=\"Communication -\" \/>\n<meta property=\"og:description\" content=\"Nous sommes le community manager qu\u2019il vous faut !&nbsp; En tant qu\u2019Agence sp\u00e9cialis\u00e9e dans le Community management \u00e0 Douai, nous offrons des solutions adapt\u00e9es pour optimiser votre pr\u00e9sence sur les r\u00e9seaux sociaux et renforcer votre image de marque. D\u00e9couvrez comment nous pouvons transformer votre communication digitale en nous contactant d\u00e8s maintenant ! (renvoi sur les [&hellip;]\" \/>\n<meta property=\"og:url\" content=\"https:\/\/trex-events.fr\/index.php\/communication\/\" \/>\n<meta property=\"article:modified_time\" content=\"2025-01-22T10:25:22+00:00\" \/>\n<meta name=\"twitter:card\" content=\"summary_large_image\" \/>\n<meta name=\"twitter:label1\" content=\"Dur\u00e9e de lecture estim\u00e9e\" \/>\n\t<meta name=\"twitter:data1\" content=\"4 minutes\" \/>\n<script type=\"application\/ld+json\" class=\"yoast-schema-graph\">{\"@context\":\"https:\/\/schema.org\",\"@graph\":[{\"@type\":\"WebPage\",\"@id\":\"https:\/\/trex-events.fr\/index.php\/communication\/\",\"url\":\"https:\/\/trex-events.fr\/index.php\/communication\/\",\"name\":\"Communication -\",\"isPartOf\":{\"@id\":\"https:\/\/trex-events.fr\/#website\"},\"datePublished\":\"2023-06-07T08:51:23+00:00\",\"dateModified\":\"2025-01-22T10:25:22+00:00\",\"breadcrumb\":{\"@id\":\"https:\/\/trex-events.fr\/index.php\/communication\/#breadcrumb\"},\"inLanguage\":\"fr-FR\",\"potentialAction\":[{\"@type\":\"ReadAction\",\"target\":[\"https:\/\/trex-events.fr\/index.php\/communication\/\"]}]},{\"@type\":\"BreadcrumbList\",\"@id\":\"https:\/\/trex-events.fr\/index.php\/communication\/#breadcrumb\",\"itemListElement\":[{\"@type\":\"ListItem\",\"position\":1,\"name\":\"Accueil\",\"item\":\"https:\/\/trex-events.fr\/\"},{\"@type\":\"ListItem\",\"position\":2,\"name\":\"Communication\"}]},{\"@type\":\"WebSite\",\"@id\":\"https:\/\/trex-events.fr\/#website\",\"url\":\"https:\/\/trex-events.fr\/\",\"name\":\"\",\"description\":\"Votre chef d&#039;orchestre \u00e9v\u00e9nementiel \",\"potentialAction\":[{\"@type\":\"SearchAction\",\"target\":{\"@type\":\"EntryPoint\",\"urlTemplate\":\"https:\/\/trex-events.fr\/?s={search_term_string}\"},\"query-input\":{\"@type\":\"PropertyValueSpecification\",\"valueRequired\":true,\"valueName\":\"search_term_string\"}}],\"inLanguage\":\"fr-FR\"}]}<\/script>\n<!-- \/ Yoast SEO plugin. -->","yoast_head_json":{"title":"Communication -","robots":{"index":"index","follow":"follow","max-snippet":"max-snippet:-1","max-image-preview":"max-image-preview:large","max-video-preview":"max-video-preview:-1"},"canonical":"https:\/\/trex-events.fr\/index.php\/communication\/","og_locale":"fr_FR","og_type":"article","og_title":"Communication -","og_description":"Nous sommes le community manager qu\u2019il vous faut !&nbsp; En tant qu\u2019Agence sp\u00e9cialis\u00e9e dans le Community management \u00e0 Douai, nous offrons des solutions adapt\u00e9es pour optimiser votre pr\u00e9sence sur les r\u00e9seaux sociaux et renforcer votre image de marque. D\u00e9couvrez comment nous pouvons transformer votre communication digitale en nous contactant d\u00e8s maintenant ! (renvoi sur les [&hellip;]","og_url":"https:\/\/trex-events.fr\/index.php\/communication\/","article_modified_time":"2025-01-22T10:25:22+00:00","twitter_card":"summary_large_image","twitter_misc":{"Dur\u00e9e de lecture estim\u00e9e":"4 minutes"},"schema":{"@context":"https:\/\/schema.org","@graph":[{"@type":"WebPage","@id":"https:\/\/trex-events.fr\/index.php\/communication\/","url":"https:\/\/trex-events.fr\/index.php\/communication\/","name":"Communication -","isPartOf":{"@id":"https:\/\/trex-events.fr\/#website"},"datePublished":"2023-06-07T08:51:23+00:00","dateModified":"2025-01-22T10:25:22+00:00","breadcrumb":{"@id":"https:\/\/trex-events.fr\/index.php\/communication\/#breadcrumb"},"inLanguage":"fr-FR","potentialAction":[{"@type":"ReadAction","target":["https:\/\/trex-events.fr\/index.php\/communication\/"]}]},{"@type":"BreadcrumbList","@id":"https:\/\/trex-events.fr\/index.php\/communication\/#breadcrumb","itemListElement":[{"@type":"ListItem","position":1,"name":"Accueil","item":"https:\/\/trex-events.fr\/"},{"@type":"ListItem","position":2,"name":"Communication"}]},{"@type":"WebSite","@id":"https:\/\/trex-events.fr\/#website","url":"https:\/\/trex-events.fr\/","name":"","description":"Votre chef d&#039;orchestre \u00e9v\u00e9nementiel ","potentialAction":[{"@type":"SearchAction","target":{"@type":"EntryPoint","urlTemplate":"https:\/\/trex-events.fr\/?s={search_term_string}"},"query-input":{"@type":"PropertyValueSpecification","valueRequired":true,"valueName":"search_term_string"}}],"inLanguage":"fr-FR"}]}},"_links":{"self":[{"href":"https:\/\/trex-events.fr\/index.php\/wp-json\/wp\/v2\/pages\/886","targetHints":{"allow":["GET"]}}],"collection":[{"href":"https:\/\/trex-events.fr\/index.php\/wp-json\/wp\/v2\/pages"}],"about":[{"href":"https:\/\/trex-events.fr\/index.php\/wp-json\/wp\/v2\/types\/page"}],"author":[{"embeddable":true,"href":"https:\/\/trex-events.fr\/index.php\/wp-json\/wp\/v2\/users\/1"}],"replies":[{"embeddable":true,"href":"https:\/\/trex-events.fr\/index.php\/wp-json\/wp\/v2\/comments?post=886"}],"version-history":[{"count":4,"href":"https:\/\/trex-events.fr\/index.php\/wp-json\/wp\/v2\/pages\/886\/revisions"}],"predecessor-version":[{"id":1104,"href":"https:\/\/trex-events.fr\/index.php\/wp-json\/wp\/v2\/pages\/886\/revisions\/1104"}],"wp:attachment":[{"href":"https:\/\/trex-events.fr\/index.php\/wp-json\/wp\/v2\/media?parent=886"}],"curies":[{"name":"wp","href":"https:\/\/api.w.org\/{rel}","templated":true}]}}