{"id":851,"date":"2023-06-07T10:41:49","date_gmt":"2023-06-07T08:41:49","guid":{"rendered":"https:\/\/trex-events.fr\/?page_id=851"},"modified":"2025-01-27T09:27:54","modified_gmt":"2025-01-27T08:27:54","slug":"presentation","status":"publish","type":"page","link":"https:\/\/trex-events.fr\/index.php\/presentation\/","title":{"rendered":"Pr\u00e9sentation"},"content":{"rendered":"\n<h1 class=\"wp-block-heading has-text-align-center has-text-color has-link-color wp-elements-fd389d34e596d9f35444beb631b1c84a\" style=\"color:#3f7868\"><strong>Avec T-Rex , laissez votre empreinte sur le monde<\/strong><\/h1>\n\n\n\n<div class=\"wp-block-group is-content-justification-center is-layout-constrained wp-container-core-group-is-layout-2 wp-block-group-is-layout-constrained\" style=\"margin-top:0;margin-bottom:0;padding-top:0;padding-right:0;padding-bottom:0;padding-left:0\">\n<div class=\"wp-block-group has-cyan-bluish-gray-background-color has-background is-layout-constrained wp-block-group-is-layout-constrained\">\n<p class=\"has-noto-sans-font-family\" style=\"padding-top:0;padding-right:0;padding-bottom:0;padding-left:0;font-size:16px\">Agence experte, bas\u00e9e \u00e0 Douai en plein c\u0153ur des Hauts-de-France, T-Rex vous accompagne dans vos projets avec cr\u00e9ativit\u00e9, dynamisme et savoir-faire. <\/p>\n\n\n\n<p class=\"has-text-align-center has-noto-sans-font-family\" style=\"padding-top:0;padding-right:0;padding-bottom:0;padding-left:0;font-size:16px\">L\u2019agence T-Rex \u00e0 deux branches \u00e0 votre service:\u00a0<\/p>\n\n\n\n<p class=\"has-noto-sans-font-family\" style=\"padding-top:0;padding-right:0;padding-bottom:0;padding-left:0;font-size:16px\"><strong>Organiser\u00a0 votre \u00e9v\u00e9nement : <\/strong>Nous orchestrerons vos projets de A \u00e0 Z pour des \u00e9v\u00e9nements uniques.<\/p>\n\n\n\n<p class=\"has-cyan-bluish-gray-background-color has-background has-noto-sans-font-family\" style=\"padding-top:0;padding-right:0;padding-bottom:0;padding-left:0;font-size:16px\"><strong>G\u00e8re votre communication: <\/strong>Nous d\u00e9veloppons des strat\u00e9gies efficaces pour maximiser votre visibilit\u00e9 et impacter votre audience.\u00a0<\/p>\n\n\n\n<p class=\"has-noto-sans-font-family\" style=\"padding-top:0;padding-right:0;padding-bottom:0;padding-left:0;font-size:16px\">Tel un chef d&rsquo;orchestre, nous transformons vos id\u00e9es en r\u00e9alit\u00e9. Nous organisons vos \u00e9v\u00e9nements enti\u00e8rement pour vous proposer un projet cl\u00e9s en mains.\u00a0Ne vous occupez de rien, notre dinosaure est l\u00e0 pour tout organiser.<\/p>\n<\/div>\n<\/div>\n\n\n\n<div class=\"wp-block-group has-noto-sans-font-family is-layout-constrained wp-block-group-is-layout-constrained\" style=\"font-size:16px\">\n<h2 class=\"wp-block-heading has-text-align-center has-text-color has-link-color wp-elements-04047e160152a576a5e1c9dc1f3497df\" style=\"border-style:none;border-width:0px;color:#3f7868\"><strong>Nos valeurs<\/strong><\/h2>\n\n\n\n<p>Attach\u00e9s \u00e0 notre territoire du douaisis, terre de g\u00e9ants, bas\u00e9 en plein c\u0153ur des Hauts-de-France, <em>nous sommes des \u00eatres humains au service d\u2019autres \u00eatres humains.<\/em><\/p>\n\n\n\n<p>Nous avons \u00e0 c\u0153ur de travailler avec des acteurs locaux, et de mettre en avant notre proximit\u00e9 de terrain avec nos clients.<\/p>\n\n\n\n<ul class=\"wp-block-list\">\n<li>Ancrage local : Nous collaborons avec des acteurs locaux pour soutenir l\u2019\u00e9conomie r\u00e9gionale et valoriser les talents de notre territoire.<\/li>\n\n\n\n<li style=\"font-size:16px\">Proximit\u00e9 et r\u00e9activit\u00e9 : Toujours \u00e0 l\u2019\u00e9coute, nous travaillons main dans la main avec nos clients pour r\u00e9pondre rapidement et efficacement \u00e0 leurs besoins.<\/li>\n\n\n\n<li>Dynamisme et passion : Chaque projet est pour nous une nouvelle aventure que nous abordons avec \u00e9nergie, cr\u00e9ativit\u00e9 et un souci constant de l\u2019excellence.<\/li>\n<\/ul>\n\n\n\n<p class=\"has-noto-sans-font-family\" style=\"font-size:16px\">Avec T-Rex, vous n\u2019\u00eates pas un simple client, nous sommes pr\u00e9sents \u00e0 vos c\u00f4t\u00e9s<\/p>\n<\/div>\n\n\n\n<div class=\"wp-block-group is-layout-constrained wp-block-group-is-layout-constrained\">\n<h2 class=\"wp-block-heading has-text-align-center has-text-color has-link-color has-noto-sans-font-family has-extralarge-font-size wp-elements-a55be06e7ba99c43acad5fe7aa530612\" style=\"color:#3f7868\"><strong>L\u2019\u00e9quipe en mode girl power<\/strong><\/h2>\n<\/div>\n\n\n\n<div class=\"wp-block-group is-layout-constrained wp-block-group-is-layout-constrained\" style=\"margin-top:var(--wp--preset--spacing--80)\">\n<div class=\"wp-block-media-text alignfull is-stacked-on-mobile has-bg-2-background-color has-background\"><figure class=\"wp-block-media-text__media\"><img decoding=\"async\" src=\"https:\/\/trex-events.fr\/wp-content\/themes\/pai-page\/assets\/images\/story-3.webp\" alt=\"\" class=\"wp-image-126 size-full\"\/><\/figure><div class=\"wp-block-media-text__content\">\n<h3 class=\"wp-block-heading has-bg-3-color has-text-color has-link-color has-noto-sans-font-family wp-elements-f44e511fc84ce7ad11192bb3cedf7b31\" style=\"font-size:16px\">Marie Charlotte<\/h3>\n\n\n\n<div class=\"wp-block-group is-layout-constrained wp-block-group-is-layout-constrained\">\n<p class=\"has-noto-sans-font-family\" style=\"font-size:16px\"><em>Fondatrice et g\u00e9rante de l\u2019Agence T-Rex<\/em><\/p>\n\n\n\n<p style=\"font-size:16px\">N\u00e9e \u00e0 Douai<\/p>\n\n\n\n<p class=\"has-noto-sans-font-family\" style=\"font-size:16px\">V\u00e9ritable passionn\u00e9e de sport, vous pourrez me croiser r\u00e9guli\u00e8rement \u00e0 travers les stades du pays. <strong>Mes atouts : <\/strong>Toujours le sourire, \u00e0 l\u2019\u00e9coute<\/p>\n<\/div>\n<\/div><\/div>\n\n\n\n<div class=\"wp-block-media-text alignfull has-media-on-the-right is-stacked-on-mobile has-bg-2-background-color has-background\" style=\"margin-top:0\"><div class=\"wp-block-media-text__content\">\n<h3 class=\"wp-block-heading has-text-color has-link-color has-noto-sans-font-family wp-elements-7e91024a3943664d49c569ca3530683a\" style=\"color:#3f7868;font-size:16px\">L\u00e9a<\/h3>\n\n\n\n<p class=\"has-noto-sans-font-family\" style=\"font-size:16px\"><em>Charg\u00e9e de projet \u00e9v\u00e9nementiel<\/em><\/p>\n\n\n\n<p class=\"has-noto-sans-font-family\" style=\"font-size:16px\">Curieuse et polyvalente, je joue un r\u00f4le cl\u00e9 dans la r\u00e9alisation de vos projets.&nbsp;<\/p>\n\n\n\n<p class=\"has-noto-sans-font-family\" style=\"font-size:16px\">Experte en logistique \u00e9v\u00e9nementielle et cr\u00e9ation de contenu, je veille \u00e0 ce que chaque d\u00e9tail soit ma\u00eetris\u00e9 pour vous offrir une exp\u00e9rience unique. Avec un esprit d&rsquo;\u00e9quipe solide et une cr\u00e9ativit\u00e9 sans limites, je suis toujours pr\u00eate \u00e0 relever de nouveaux d\u00e9fis pour faire briller l\u2019agence et ses clients. Une vision cambr\u00e9sienne, une cr\u00e9ativit\u00e9 qui d\u00e9borde et une organisation sans faille. Je suis une v\u00e9ritable chef de projet bien d\u00e9cid\u00e9 \u00e0 r\u00e9aliser tous vos projets.<\/p>\n<\/div><figure class=\"wp-block-media-text__media\"><img decoding=\"async\" src=\"https:\/\/trex-events.fr\/wp-content\/themes\/pai-page\/assets\/images\/story-4.webp\" alt=\"\" class=\"wp-image-127 size-full\"\/><\/figure><\/div>\n<\/div>\n\n\n\n<p><\/p>\n\n\n\n<p><\/p>\n\n\n\n<h2 class=\"wp-block-heading has-text-color has-link-color has-noto-sans-font-family wp-elements-d7fce9754197bf0e4b20024661e5a5b0\" style=\"color:#3f7868\"><strong>Pourquoi collaborer avec L\u2019Agence T-Rex ?<\/strong><\/h2>\n\n\n\n<div class=\"wp-block-columns is-layout-flex wp-container-core-columns-is-layout-1 wp-block-columns-is-layout-flex\">\n<div class=\"wp-block-column is-layout-flow wp-block-column-is-layout-flow\">\n<p class=\"has-noto-sans-font-family\" style=\"font-size:16px\">Notre approche repose sur trois pilier fondamentaux :&nbsp;<\/p>\n\n\n\n<ul class=\"wp-block-list\">\n<li class=\"has-noto-sans-font-family\" style=\"font-size:16px\"><strong>La r\u00e9ussite <\/strong>: Nous nous engageons \u00e0 fournir des prestations de qualit\u00e9, en respectant les d\u00e9lais et les budgets d\u00e9finis.<\/li>\n<\/ul>\n\n\n\n<ul class=\"wp-block-list\">\n<li class=\"has-noto-sans-font-family\" style=\"font-size:16px\"><strong>L\u2019\u00e9coute <\/strong>: Nous prenons le temps de comprendre vos besoins, vos attentes et vos objectifs.<\/li>\n<\/ul>\n\n\n\n<ul class=\"wp-block-list\">\n<li class=\"has-noto-sans-font-family\" style=\"font-size:16px\"><strong>L&rsquo;innovation<\/strong> : Nous aimons \u00eatre toujours plus cr\u00e9atifs pour vous proposer des solutions uniques.<\/li>\n<\/ul>\n<\/div>\n\n\n\n<div class=\"wp-block-column has-noto-sans-font-family is-layout-flow wp-block-column-is-layout-flow\" style=\"font-size:16px\">\n<p><\/p>\n\n\n\n<p style=\"font-size:16px\">En nous confiant votre projet, vous b\u00e9n\u00e9ficiez d\u2019un accompagnement personnalis\u00e9, d\u2019une \u00e9quipe d\u00e9di\u00e9e et d\u2019un r\u00e9sultat \u00e0 la hauteur de vos attentes.<\/p>\n\n\n\n<p style=\"font-size:16px\">Bas\u00e9e au c\u0153ur des Hauts-de-France, l\u2019Agence T-Rex, votre agence \u00e9v\u00e9nementielle et communication digitale, est une v\u00e9ritable agence de proximit\u00e9. Parce que pour v\u00e9hiculer votre image, il faut \u00eatre \u00e0 vos c\u00f4t\u00e9s.<\/p>\n<\/div>\n<\/div>\n\n\n\n<p><\/p>\n\n\n\n<p><\/p>\n\n\n\n<p><\/p>\n","protected":false},"excerpt":{"rendered":"<p>Avec T-Rex , laissez votre empreinte sur le monde Agence experte, bas\u00e9e \u00e0 Douai en plein c\u0153ur des Hauts-de-France, T-Rex vous accompagne dans vos projets avec cr\u00e9ativit\u00e9, dynamisme et savoir-faire. L\u2019agence T-Rex \u00e0 deux branches \u00e0 votre service:\u00a0 Organiser\u00a0 votre \u00e9v\u00e9nement : Nous orchestrerons vos projets de A \u00e0 Z pour des \u00e9v\u00e9nements uniques. G\u00e8re [&hellip;]<\/p>\n","protected":false},"author":1,"featured_media":0,"parent":0,"menu_order":0,"comment_status":"closed","ping_status":"closed","template":"","meta":{"footnotes":""},"class_list":["post-851","page","type-page","status-publish","hentry"],"yoast_head":"<!-- This site is optimized with the Yoast SEO plugin v24.1 - https:\/\/yoast.com\/wordpress\/plugins\/seo\/ -->\n<title>Pr\u00e9sentation -<\/title>\n<meta name=\"robots\" content=\"index, follow, max-snippet:-1, max-image-preview:large, max-video-preview:-1\" \/>\n<link rel=\"canonical\" href=\"https:\/\/trex-events.fr\/index.php\/presentation\/\" \/>\n<meta property=\"og:locale\" content=\"fr_FR\" \/>\n<meta property=\"og:type\" content=\"article\" \/>\n<meta property=\"og:title\" content=\"Pr\u00e9sentation -\" \/>\n<meta property=\"og:description\" content=\"Avec T-Rex , laissez votre empreinte sur le monde Agence experte, bas\u00e9e \u00e0 Douai en plein c\u0153ur des Hauts-de-France, T-Rex vous accompagne dans vos projets avec cr\u00e9ativit\u00e9, dynamisme et savoir-faire. L\u2019agence T-Rex \u00e0 deux branches \u00e0 votre service:\u00a0 Organiser\u00a0 votre \u00e9v\u00e9nement : Nous orchestrerons vos projets de A \u00e0 Z pour des \u00e9v\u00e9nements uniques. G\u00e8re [&hellip;]\" \/>\n<meta property=\"og:url\" content=\"https:\/\/trex-events.fr\/index.php\/presentation\/\" \/>\n<meta property=\"article:modified_time\" content=\"2025-01-27T08:27:54+00:00\" \/>\n<meta name=\"twitter:card\" content=\"summary_large_image\" \/>\n<meta name=\"twitter:label1\" content=\"Dur\u00e9e de lecture estim\u00e9e\" \/>\n\t<meta name=\"twitter:data1\" content=\"3 minutes\" \/>\n<script type=\"application\/ld+json\" class=\"yoast-schema-graph\">{\"@context\":\"https:\/\/schema.org\",\"@graph\":[{\"@type\":\"WebPage\",\"@id\":\"https:\/\/trex-events.fr\/index.php\/presentation\/\",\"url\":\"https:\/\/trex-events.fr\/index.php\/presentation\/\",\"name\":\"Pr\u00e9sentation -\",\"isPartOf\":{\"@id\":\"https:\/\/trex-events.fr\/#website\"},\"primaryImageOfPage\":{\"@id\":\"https:\/\/trex-events.fr\/index.php\/presentation\/#primaryimage\"},\"image\":{\"@id\":\"https:\/\/trex-events.fr\/index.php\/presentation\/#primaryimage\"},\"thumbnailUrl\":\"https:\/\/trex-events.fr\/wp-content\/themes\/pai-page\/assets\/images\/story-3.webp\",\"datePublished\":\"2023-06-07T08:41:49+00:00\",\"dateModified\":\"2025-01-27T08:27:54+00:00\",\"breadcrumb\":{\"@id\":\"https:\/\/trex-events.fr\/index.php\/presentation\/#breadcrumb\"},\"inLanguage\":\"fr-FR\",\"potentialAction\":[{\"@type\":\"ReadAction\",\"target\":[\"https:\/\/trex-events.fr\/index.php\/presentation\/\"]}]},{\"@type\":\"ImageObject\",\"inLanguage\":\"fr-FR\",\"@id\":\"https:\/\/trex-events.fr\/index.php\/presentation\/#primaryimage\",\"url\":\"\",\"contentUrl\":\"\"},{\"@type\":\"BreadcrumbList\",\"@id\":\"https:\/\/trex-events.fr\/index.php\/presentation\/#breadcrumb\",\"itemListElement\":[{\"@type\":\"ListItem\",\"position\":1,\"name\":\"Accueil\",\"item\":\"https:\/\/trex-events.fr\/\"},{\"@type\":\"ListItem\",\"position\":2,\"name\":\"Pr\u00e9sentation\"}]},{\"@type\":\"WebSite\",\"@id\":\"https:\/\/trex-events.fr\/#website\",\"url\":\"https:\/\/trex-events.fr\/\",\"name\":\"\",\"description\":\"Votre chef d&#039;orchestre \u00e9v\u00e9nementiel \",\"potentialAction\":[{\"@type\":\"SearchAction\",\"target\":{\"@type\":\"EntryPoint\",\"urlTemplate\":\"https:\/\/trex-events.fr\/?s={search_term_string}\"},\"query-input\":{\"@type\":\"PropertyValueSpecification\",\"valueRequired\":true,\"valueName\":\"search_term_string\"}}],\"inLanguage\":\"fr-FR\"}]}<\/script>\n<!-- \/ Yoast SEO plugin. -->","yoast_head_json":{"title":"Pr\u00e9sentation -","robots":{"index":"index","follow":"follow","max-snippet":"max-snippet:-1","max-image-preview":"max-image-preview:large","max-video-preview":"max-video-preview:-1"},"canonical":"https:\/\/trex-events.fr\/index.php\/presentation\/","og_locale":"fr_FR","og_type":"article","og_title":"Pr\u00e9sentation -","og_description":"Avec T-Rex , laissez votre empreinte sur le monde Agence experte, bas\u00e9e \u00e0 Douai en plein c\u0153ur des Hauts-de-France, T-Rex vous accompagne dans vos projets avec cr\u00e9ativit\u00e9, dynamisme et savoir-faire. L\u2019agence T-Rex \u00e0 deux branches \u00e0 votre service:\u00a0 Organiser\u00a0 votre \u00e9v\u00e9nement : Nous orchestrerons vos projets de A \u00e0 Z pour des \u00e9v\u00e9nements uniques. G\u00e8re [&hellip;]","og_url":"https:\/\/trex-events.fr\/index.php\/presentation\/","article_modified_time":"2025-01-27T08:27:54+00:00","twitter_card":"summary_large_image","twitter_misc":{"Dur\u00e9e de lecture estim\u00e9e":"3 minutes"},"schema":{"@context":"https:\/\/schema.org","@graph":[{"@type":"WebPage","@id":"https:\/\/trex-events.fr\/index.php\/presentation\/","url":"https:\/\/trex-events.fr\/index.php\/presentation\/","name":"Pr\u00e9sentation -","isPartOf":{"@id":"https:\/\/trex-events.fr\/#website"},"primaryImageOfPage":{"@id":"https:\/\/trex-events.fr\/index.php\/presentation\/#primaryimage"},"image":{"@id":"https:\/\/trex-events.fr\/index.php\/presentation\/#primaryimage"},"thumbnailUrl":"https:\/\/trex-events.fr\/wp-content\/themes\/pai-page\/assets\/images\/story-3.webp","datePublished":"2023-06-07T08:41:49+00:00","dateModified":"2025-01-27T08:27:54+00:00","breadcrumb":{"@id":"https:\/\/trex-events.fr\/index.php\/presentation\/#breadcrumb"},"inLanguage":"fr-FR","potentialAction":[{"@type":"ReadAction","target":["https:\/\/trex-events.fr\/index.php\/presentation\/"]}]},{"@type":"ImageObject","inLanguage":"fr-FR","@id":"https:\/\/trex-events.fr\/index.php\/presentation\/#primaryimage","url":"","contentUrl":""},{"@type":"BreadcrumbList","@id":"https:\/\/trex-events.fr\/index.php\/presentation\/#breadcrumb","itemListElement":[{"@type":"ListItem","position":1,"name":"Accueil","item":"https:\/\/trex-events.fr\/"},{"@type":"ListItem","position":2,"name":"Pr\u00e9sentation"}]},{"@type":"WebSite","@id":"https:\/\/trex-events.fr\/#website","url":"https:\/\/trex-events.fr\/","name":"","description":"Votre chef d&#039;orchestre \u00e9v\u00e9nementiel ","potentialAction":[{"@type":"SearchAction","target":{"@type":"EntryPoint","urlTemplate":"https:\/\/trex-events.fr\/?s={search_term_string}"},"query-input":{"@type":"PropertyValueSpecification","valueRequired":true,"valueName":"search_term_string"}}],"inLanguage":"fr-FR"}]}},"_links":{"self":[{"href":"https:\/\/trex-events.fr\/index.php\/wp-json\/wp\/v2\/pages\/851","targetHints":{"allow":["GET"]}}],"collection":[{"href":"https:\/\/trex-events.fr\/index.php\/wp-json\/wp\/v2\/pages"}],"about":[{"href":"https:\/\/trex-events.fr\/index.php\/wp-json\/wp\/v2\/types\/page"}],"author":[{"embeddable":true,"href":"https:\/\/trex-events.fr\/index.php\/wp-json\/wp\/v2\/users\/1"}],"replies":[{"embeddable":true,"href":"https:\/\/trex-events.fr\/index.php\/wp-json\/wp\/v2\/comments?post=851"}],"version-history":[{"count":27,"href":"https:\/\/trex-events.fr\/index.php\/wp-json\/wp\/v2\/pages\/851\/revisions"}],"predecessor-version":[{"id":1187,"href":"https:\/\/trex-events.fr\/index.php\/wp-json\/wp\/v2\/pages\/851\/revisions\/1187"}],"wp:attachment":[{"href":"https:\/\/trex-events.fr\/index.php\/wp-json\/wp\/v2\/media?parent=851"}],"curies":[{"name":"wp","href":"https:\/\/api.w.org\/{rel}","templated":true}]}}